{"id":96,"date":"2023-07-05T07:09:36","date_gmt":"2023-07-05T14:09:36","guid":{"rendered":"https:\/\/mezcalguiadelalma.devstaging.website\/?page_id=96"},"modified":"2023-10-04T11:22:04","modified_gmt":"2023-10-04T18:22:04","slug":"mezcales","status":"publish","type":"page","link":"https:\/\/mezcalguiadelalma.mx\/es\/mezcales\/","title":{"rendered":"MEZCALES"},"content":{"rendered":"<p>[et_pb_section fb_built=&#8221;1&#8243; admin_label=&#8221;section&#8221; _builder_version=&#8221;4.21.0&#8243; background_color=&#8221;#000000&#8243; custom_margin=&#8221;0px||||false|false&#8221; custom_padding=&#8221;0px||||false|false&#8221; global_colors_info=&#8221;{}&#8221;][et_pb_row admin_label=&#8221;row&#8221; _builder_version=&#8221;4.16&#8243; background_size=&#8221;initial&#8221; background_position=&#8221;top_left&#8221; background_repeat=&#8221;repeat&#8221; global_colors_info=&#8221;{}&#8221;][et_pb_column type=&#8221;4_4&#8243; _builder_version=&#8221;4.16&#8243; custom_padding=&#8221;|||&#8221; global_colors_info=&#8221;{}&#8221; custom_padding__hover=&#8221;|||&#8221;][et_pb_post_title meta=&#8221;off&#8221; featured_image=&#8221;off&#8221; _builder_version=&#8221;4.21.0&#8243; _module_preset=&#8221;default&#8221; title_font=&#8221;Oswald|||on|||||&#8221; title_text_color=&#8221;gcid-c864ca28-8119-43e4-8302-eb13d2348bc9&#8243; title_font_size=&#8221;40px&#8221; text_orientation=&#8221;center&#8221; global_colors_info=&#8221;{%22gcid-c864ca28-8119-43e4-8302-eb13d2348bc9%22:%91%22title_text_color%22%93}&#8221;][\/et_pb_post_title][\/et_pb_column][\/et_pb_row][et_pb_row column_structure=&#8221;1_2,1_2&#8243; admin_label=&#8221;row&#8221; _builder_version=&#8221;4.21.0&#8243; background_size=&#8221;initial&#8221; background_position=&#8221;top_left&#8221; background_repeat=&#8221;repeat&#8221; custom_margin=&#8221;0px||||false|false&#8221; custom_padding=&#8221;0px||||false|false&#8221; global_colors_info=&#8221;{}&#8221;][et_pb_column type=&#8221;1_2&#8243; _builder_version=&#8221;4.16&#8243; custom_padding=&#8221;|||&#8221; global_colors_info=&#8221;{}&#8221; custom_padding__hover=&#8221;|||&#8221;][et_pb_text module_id=&#8221;buttonCapon&#8221; _builder_version=&#8221;4.21.0&#8243; _module_preset=&#8221;default&#8221; header_2_font=&#8221;Oswald||||||||&#8221; header_2_text_align=&#8221;center&#8221; header_2_text_color=&#8221;gcid-c864ca28-8119-43e4-8302-eb13d2348bc9&#8243; header_2_font_size=&#8221;40px&#8221; custom_padding=&#8221;2px|2px|2px|2px|false|false&#8221; border_width_all=&#8221;1px&#8221; border_color_all=&#8221;gcid-c864ca28-8119-43e4-8302-eb13d2348bc9&#8243; global_colors_info=&#8221;{%22gcid-c864ca28-8119-43e4-8302-eb13d2348bc9%22:%91%22header_2_text_color%22,%22border_color_all%22%93}&#8221;]<\/p>\n<h2 class=\"font_0 wixui-rich-text__text\"><span class=\"wixui-rich-text__text\">CAP\u00d3N<\/span><\/h2>\n<p>[\/et_pb_text][\/et_pb_column][et_pb_column type=&#8221;1_2&#8243; _builder_version=&#8221;4.16&#8243; custom_padding=&#8221;|||&#8221; global_colors_info=&#8221;{}&#8221; custom_padding__hover=&#8221;|||&#8221;][et_pb_text module_id=&#8221;buttonCuishe&#8221; _builder_version=&#8221;4.21.0&#8243; _module_preset=&#8221;default&#8221; header_2_font=&#8221;Oswald||||||||&#8221; header_2_text_align=&#8221;center&#8221; header_2_text_color=&#8221;gcid-c864ca28-8119-43e4-8302-eb13d2348bc9&#8243; header_2_font_size=&#8221;40px&#8221; custom_padding=&#8221;2px|2px|2px|2px|false|false&#8221; border_width_all=&#8221;1px&#8221; border_color_all=&#8221;gcid-c864ca28-8119-43e4-8302-eb13d2348bc9&#8243; global_colors_info=&#8221;{%22gcid-c864ca28-8119-43e4-8302-eb13d2348bc9%22:%91%22header_2_text_color%22,%22border_color_all%22%93}&#8221;]<\/p>\n<h2 class=\"font_0 wixui-rich-text__text\"><span class=\"wixui-rich-text__text\">CUISHE<\/span><\/h2>\n<p>[\/et_pb_text][\/et_pb_column][\/et_pb_row][et_pb_row column_structure=&#8221;1_4,1_2,1_4&#8243; use_custom_gutter=&#8221;on&#8221; gutter_width=&#8221;1&#8243; admin_label=&#8221;row&#8221; module_id=&#8221;divCapon&#8221; _builder_version=&#8221;4.21.0&#8243; background_size=&#8221;initial&#8221; background_position=&#8221;top_left&#8221; background_repeat=&#8221;repeat&#8221; width=&#8221;90%&#8221; max_width=&#8221;1920px&#8221; module_alignment=&#8221;center&#8221; global_colors_info=&#8221;{}&#8221;][et_pb_column type=&#8221;1_4&#8243; _builder_version=&#8221;4.16&#8243; custom_padding=&#8221;|||&#8221; global_colors_info=&#8221;{}&#8221; custom_padding__hover=&#8221;|||&#8221;][et_pb_text _builder_version=&#8221;4.21.0&#8243; _module_preset=&#8221;default&#8221; text_font=&#8221;Montserrat|300|||||||&#8221; text_text_color=&#8221;#FFFFFF&#8221; sticky_limit_bottom=&#8221;row&#8221; sticky_position_tablet=&#8221;none&#8221; sticky_position_phone=&#8221;none&#8221; sticky_position_last_edited=&#8221;on|phone&#8221; global_colors_info=&#8221;{}&#8221;]<\/p>\n<p><strong>Categor\u00eda<\/strong>: Mezcal \u2013 Joven<br \/><strong>Maguey<\/strong>: : Espad\u00edn Cap\u00f3n (A. Angustifolia)<br \/><strong>Regi\u00f3n de Producci\u00f3n<\/strong>: Mixteca alta, Asunci\u00f3n Nochixtlan, Oaxaca.<br \/><strong>Altura<\/strong>: 2,600 metros sobre el nivel del mar<\/p>\n<p><strong>Maestro Mezcalero<\/strong>:<br \/>To\u00f1o Coronel <em>(Maestro 5ta Generaci\u00f3n).<\/em><br \/><strong>% Alc.<\/strong>\u00a0Vol: 44%<\/p>\n<p><strong>-Apariencia:<\/strong> Clara, transparente e incolora.<\/p>\n<p><strong>Notas en nariz:<\/strong> Intensidad moderada, se presentan notas de toronja, lim\u00f3n, mandarina, granada china cerrando acompa\u00f1ados de aromas de cuero y jam\u00f3n serrano.<\/p>\n<p><strong>Ahumado:<\/strong> El sabor ahumado \u201ctradicional de mezcal\u201d tiene presencia, pero no es un sabor marcado, solo le agrega profundidad al perfil arom\u00e1tico.<\/p>\n<p><strong>Notas en paladar:<\/strong> En paladar es seco, se degusta a una intensidad media agradable desde el primer sorbo. Textura suave y sedosa con inicio de notas florales, c\u00edtricas dando paso a sabores de nuez, miel e higo perfumado, ligero cuero con sabor a mantequilla.<\/p>\n<p><strong>-Retrogusto:<\/strong> Acidulado a manzana verde.<\/p>\n<p><strong>-Complejidad:<\/strong> Permanencia larga y naturaleza compleja.<\/p>\n<p>[\/et_pb_text][\/et_pb_column][et_pb_column type=&#8221;1_2&#8243; _builder_version=&#8221;4.16&#8243; custom_padding=&#8221;|||&#8221; global_colors_info=&#8221;{}&#8221; custom_padding__hover=&#8221;|||&#8221;][et_pb_image src=&#8221;https:\/\/mezcalguiadelalma.mx\/wp-content\/uploads\/2023\/07\/botella.jpg&#8221; title_text=&#8221;botella&#8221; show_bottom_space=&#8221;off&#8221; align=&#8221;center&#8221; _builder_version=&#8221;4.21.0&#8243; _module_preset=&#8221;default&#8221; module_alignment=&#8221;center&#8221; max_height=&#8221;840px&#8221; sticky_limit_bottom=&#8221;row&#8221; sticky_position_tablet=&#8221;none&#8221; sticky_position_phone=&#8221;none&#8221; sticky_position_last_edited=&#8221;on|desktop&#8221; global_colors_info=&#8221;{}&#8221;][\/et_pb_image][\/et_pb_column][et_pb_column type=&#8221;1_4&#8243; _builder_version=&#8221;4.16&#8243; custom_padding=&#8221;|||&#8221; global_colors_info=&#8221;{}&#8221; custom_padding__hover=&#8221;|||&#8221;][et_pb_text _builder_version=&#8221;4.21.0&#8243; _module_preset=&#8221;default&#8221; header_2_font=&#8221;Oswald||||||||&#8221; header_2_text_align=&#8221;center&#8221; header_2_text_color=&#8221;gcid-c864ca28-8119-43e4-8302-eb13d2348bc9&#8243; header_2_font_size=&#8221;40px&#8221; global_colors_info=&#8221;{%22gcid-c864ca28-8119-43e4-8302-eb13d2348bc9%22:%91%22header_2_text_color%22%93}&#8221;]<\/p>\n<h2 class=\"font_0 wixui-rich-text__text\"><span class=\"wixui-rich-text__text\">RECONOCIMIENTOS<\/span><\/h2>\n<p>[\/et_pb_text][et_pb_image src=&#8221;https:\/\/mezcalguiadelalma.mx\/wp-content\/uploads\/2023\/07\/WhatsApp-Image-2022-06-09-at-5_17_edited.webp&#8221; title_text=&#8221;WhatsApp Image 2022-06-09 at 5_17_edited&#8221; align=&#8221;center&#8221; _builder_version=&#8221;4.21.0&#8243; _module_preset=&#8221;default&#8221; global_colors_info=&#8221;{}&#8221;][\/et_pb_image][et_pb_text _builder_version=&#8221;4.21.0&#8243; _module_preset=&#8221;default&#8221; text_font=&#8221;Montserrat|300|||||||&#8221; text_text_color=&#8221;#FFFFFF&#8221; header_3_font=&#8221;Montserrat||||||||&#8221; header_3_text_color=&#8221;#FFFFFF&#8221; text_orientation=&#8221;center&#8221; custom_margin=&#8221;0px||||false|false&#8221; custom_padding=&#8221;0px||30px||false|false&#8221; custom_padding_last_edited=&#8221;off|desktop&#8221; hover_enabled=&#8221;0&#8243; global_colors_info=&#8221;{}&#8221; sticky_enabled=&#8221;0&#8243;]<\/p>\n<h3>MEDALLA DE PLATA<\/h3>\n<p><span>The International Wine &amp; Spirits Competition 2022<\/span><\/p>\n<p>[\/et_pb_text][et_pb_image src=&#8221;https:\/\/mezcalguiadelalma.mx\/wp-content\/uploads\/2023\/07\/Screen-Shot-2022-06-04-at-13_01_00.webp&#8221; title_text=&#8221;Screen Shot 2022-06-04 at 13_01_00&#8243; align=&#8221;center&#8221; _builder_version=&#8221;4.21.0&#8243; _module_preset=&#8221;default&#8221; global_colors_info=&#8221;{}&#8221;][\/et_pb_image][et_pb_text _builder_version=&#8221;4.21.0&#8243; _module_preset=&#8221;default&#8221; text_font=&#8221;Montserrat|300|||||||&#8221; text_text_color=&#8221;#FFFFFF&#8221; text_line_height=&#8221;0.2em&#8221; header_3_font=&#8221;Montserrat||||||||&#8221; header_3_text_color=&#8221;#FFFFFF&#8221; text_orientation=&#8221;center&#8221; custom_margin=&#8221;0px||||false|false&#8221; custom_padding=&#8221;0px||30px||false|false&#8221; custom_padding_last_edited=&#8221;off|desktop&#8221; hover_enabled=&#8221;0&#8243; global_colors_info=&#8221;{}&#8221; sticky_enabled=&#8221;0&#8243;]<\/p>\n<h3><span class=\"wixui-rich-text__text\">MEDALLA DE PLATA<\/span><\/h3>\n<p><br class=\"wixui-rich-text__text\" \/>Revista Cava TOP 99 Mezcales 2022<\/p>\n<p>[\/et_pb_text][et_pb_image src=&#8221;https:\/\/mezcalguiadelalma.mx\/wp-content\/uploads\/2023\/10\/san-fco.png&#8221; title_text=&#8221;san-fco&#8221; align=&#8221;center&#8221; _builder_version=&#8221;4.21.0&#8243; _module_preset=&#8221;default&#8221; hover_enabled=&#8221;0&#8243; global_colors_info=&#8221;{}&#8221; sticky_enabled=&#8221;0&#8243; width=&#8221;40%&#8221;][\/et_pb_image][et_pb_text _builder_version=&#8221;4.21.0&#8243; _module_preset=&#8221;default&#8221; text_font=&#8221;Montserrat|300|||||||&#8221; text_text_color=&#8221;#FFFFFF&#8221; header_3_font=&#8221;Montserrat||||||||&#8221; header_3_text_color=&#8221;#FFFFFF&#8221; text_orientation=&#8221;center&#8221; custom_margin=&#8221;0px||||false|false&#8221; custom_padding=&#8221;0px||30px||false|false&#8221; custom_padding_last_edited=&#8221;off|desktop&#8221; hover_enabled=&#8221;0&#8243; global_colors_info=&#8221;{}&#8221; sticky_enabled=&#8221;0&#8243;]<\/p>\n<h3>MEDALLA DE BRONCE<\/h3>\n<p>SFWSC 2023<\/p>\n<p>[\/et_pb_text][et_pb_text _builder_version=&#8221;4.21.0&#8243; _module_preset=&#8221;default&#8221; header_2_font=&#8221;Oswald||||||||&#8221; header_2_text_align=&#8221;center&#8221; header_2_text_color=&#8221;gcid-c864ca28-8119-43e4-8302-eb13d2348bc9&#8243; header_2_font_size=&#8221;40px&#8221; hover_enabled=&#8221;0&#8243; global_colors_info=&#8221;{%22gcid-c864ca28-8119-43e4-8302-eb13d2348bc9%22:%91%22header_2_text_color%22%93}&#8221; custom_margin=&#8221;10px||10px||true|false&#8221; sticky_enabled=&#8221;0&#8243;]<\/p>\n<h2 class=\"font_0 wixui-rich-text__text\">RECOMENDACIONES Y MARIDAJE<\/h2>\n<p>[\/et_pb_text][et_pb_text _builder_version=&#8221;4.21.0&#8243; _module_preset=&#8221;default&#8221; text_font=&#8221;Montserrat|300|||||||&#8221; text_text_color=&#8221;#FFFFFF&#8221; header_3_font=&#8221;Montserrat||||||||&#8221; header_3_text_color=&#8221;#FFFFFF&#8221; text_orientation=&#8221;center&#8221; custom_margin=&#8221;||||true|false&#8221; custom_padding=&#8221;0px||||false|false&#8221; custom_padding_last_edited=&#8221;off|desktop&#8221; global_colors_info=&#8221;{}&#8221;]<\/p>\n<h3>SERVICIO<\/h3>\n<p>Servir en copa de degustaci\u00f3n con boca ancha o vaso de veladora. Acompa\u00f1ar con trozos de manzana verde, higos y frambuesa.<\/p>\n<p>[\/et_pb_text][et_pb_text _builder_version=&#8221;4.21.0&#8243; _module_preset=&#8221;default&#8221; text_font=&#8221;Montserrat|300|||||||&#8221; text_text_color=&#8221;#FFFFFF&#8221; header_3_font=&#8221;Montserrat||||||||&#8221; header_3_text_color=&#8221;#FFFFFF&#8221; text_orientation=&#8221;center&#8221; custom_margin=&#8221;0px||||false|false&#8221; custom_padding=&#8221;0px||||false|false&#8221; custom_padding_last_edited=&#8221;off|desktop&#8221; global_colors_info=&#8221;{}&#8221;]<\/p>\n<h3>MARIDAJE<\/h3>\n<p>Se permite maridar con quesos semi madurados con nueces, almendras, nuez de la india, pistache, frutas secas. Carnes asadas, quesadillas, pastas a base de queso.<\/p>\n<p>[\/et_pb_text][et_pb_text _builder_version=&#8221;4.21.0&#8243; _module_preset=&#8221;default&#8221; text_font=&#8221;Montserrat|300|||||||&#8221; text_text_color=&#8221;#FFFFFF&#8221; header_3_font=&#8221;Montserrat||||||||&#8221; header_3_text_color=&#8221;#FFFFFF&#8221; text_orientation=&#8221;center&#8221; custom_margin=&#8221;0px||||false|false&#8221; custom_padding=&#8221;0px||||false|false&#8221; custom_padding_last_edited=&#8221;off|desktop&#8221; global_colors_info=&#8221;{}&#8221;]<\/p>\n<h3>POSTRES<\/h3>\n<p>Postre hojaldrado de d\u00e1til, tarta de queso con higo, tarta de frambuesa, pastel de pistache.<\/p>\n<p>[\/et_pb_text][\/et_pb_column][\/et_pb_row][et_pb_row column_structure=&#8221;1_4,1_2,1_4&#8243; use_custom_gutter=&#8221;on&#8221; gutter_width=&#8221;1&#8243; admin_label=&#8221;row&#8221; module_id=&#8221;divCuishe&#8221; _builder_version=&#8221;4.21.0&#8243; background_size=&#8221;initial&#8221; background_position=&#8221;top_left&#8221; background_repeat=&#8221;repeat&#8221; width=&#8221;90%&#8221; max_width=&#8221;1920px&#8221; module_alignment=&#8221;center&#8221; global_colors_info=&#8221;{}&#8221;][et_pb_column type=&#8221;1_4&#8243; _builder_version=&#8221;4.16&#8243; custom_padding=&#8221;|||&#8221; global_colors_info=&#8221;{}&#8221; custom_padding__hover=&#8221;|||&#8221;][et_pb_text _builder_version=&#8221;4.21.0&#8243; _module_preset=&#8221;default&#8221; text_font=&#8221;Montserrat|300|||||||&#8221; text_text_color=&#8221;#FFFFFF&#8221; sticky_limit_bottom=&#8221;row&#8221; sticky_position_tablet=&#8221;none&#8221; sticky_position_phone=&#8221;none&#8221; sticky_position_last_edited=&#8221;on|phone&#8221; global_colors_info=&#8221;{}&#8221;]<\/p>\n<p><strong>Categor\u00eda<\/strong>: Mezcal \u2013 Joven<br \/><strong>Maguey<\/strong>: Cuishe <em>(Karwinskii)<\/em><br \/><strong>Regi\u00f3n de Producci\u00f3n<\/strong>: Mixteca Alta, Asunci\u00f3n Nochixtlan, Oaxaca.<br \/><strong>Altura<\/strong>: 2,600 metros sobre el nivel del mar<\/p>\n<p><strong>Maestro Mezcalero<\/strong>:<br \/>To\u00f1o Coronel <em>(Maestro 5ta Generaci\u00f3n).<\/em><br \/><strong>% Alc.<\/strong>\u00a0Vol: 44%<\/p>\n<p><strong>-Apariencia:<\/strong> Clara, transparente e incolora.<br \/>-Notas en nariz: Al principio predomina un aroma a queso de cabra para dar paso a notas herbales que complementan su complejidad junto con notas de lim\u00f3n, menta dulce, cerezo y azahar.<\/p>\n<p><strong>-Notas de paladar:<\/strong> En boca es seco, se degusta con una agradable intensidad media desde el primer sorbo. Textura suave y sedosa con sutiles notas de mantequilla que se desvanecen y comienza su dulce sabor a menta que est\u00e1 presente de principio a fin, cerrando con un suave final a tabaco.<\/p>\n<p><strong>-Ahumado:<\/strong> El sabor ahumado oaxaque\u00f1o del \u201cmezcal tradicional\u201d est\u00e1 presente, pero no es el sabor predominante, solo agrega profundidad al perfil arom\u00e1tico.<\/p>\n<p><strong>-Retrogusto:<\/strong> Menta dulce.<\/p>\n<p><strong>-Complejidad:<\/strong> Permanencia larga y naturaleza compleja.<\/p>\n<p>[\/et_pb_text][\/et_pb_column][et_pb_column type=&#8221;1_2&#8243; _builder_version=&#8221;4.16&#8243; custom_padding=&#8221;|||&#8221; global_colors_info=&#8221;{}&#8221; custom_padding__hover=&#8221;|||&#8221;][et_pb_image src=&#8221;https:\/\/mezcalguiadelalma.mx\/wp-content\/uploads\/2023\/09\/WhatsApp-Image-2023-09-12-at-21.37.25.jpg&#8221; title_text=&#8221;WhatsApp Image 2023-09-12 at 21.37.25&#8243; show_bottom_space=&#8221;off&#8221; align=&#8221;center&#8221; _builder_version=&#8221;4.21.0&#8243; _module_preset=&#8221;default&#8221; module_alignment=&#8221;center&#8221; max_height=&#8221;840px&#8221; sticky_limit_bottom=&#8221;row&#8221; sticky_position_tablet=&#8221;none&#8221; sticky_position_phone=&#8221;none&#8221; sticky_position_last_edited=&#8221;on|desktop&#8221; global_colors_info=&#8221;{}&#8221;][\/et_pb_image][\/et_pb_column][et_pb_column type=&#8221;1_4&#8243; _builder_version=&#8221;4.16&#8243; custom_padding=&#8221;|||&#8221; global_colors_info=&#8221;{}&#8221; custom_padding__hover=&#8221;|||&#8221;][\/et_pb_column][\/et_pb_row][et_pb_row column_structure=&#8221;1_4,1_2,1_4&#8243; admin_label=&#8221;row&#8221; _builder_version=&#8221;4.21.0&#8243; background_size=&#8221;initial&#8221; background_position=&#8221;top_left&#8221; background_repeat=&#8221;repeat&#8221; global_colors_info=&#8221;{}&#8221;][et_pb_column type=&#8221;1_4&#8243; _builder_version=&#8221;4.16&#8243; custom_padding=&#8221;|||&#8221; global_colors_info=&#8221;{}&#8221; custom_padding__hover=&#8221;|||&#8221;][\/et_pb_column][et_pb_column type=&#8221;1_2&#8243; _builder_version=&#8221;4.16&#8243; custom_padding=&#8221;|||&#8221; global_colors_info=&#8221;{}&#8221; custom_padding__hover=&#8221;|||&#8221;][et_pb_text _builder_version=&#8221;4.21.0&#8243; _module_preset=&#8221;default&#8221; text_font=&#8221;Montserrat|300|||||||&#8221; text_text_color=&#8221;#FFFFFF&#8221; header_3_font=&#8221;Montserrat||||||||&#8221; header_3_text_color=&#8221;#FFFFFF&#8221; text_orientation=&#8221;center&#8221; custom_margin=&#8221;0px||||false|false&#8221; custom_padding=&#8221;0px||||false|false&#8221; custom_padding_last_edited=&#8221;off|desktop&#8221; global_colors_info=&#8221;{}&#8221;]<\/p>\n<p>Gu\u00eda del Alma es un mezcal expresivo y complejo que gracias a su buen balance e intensidad moderada se facilita su interpretaci\u00f3n.<\/p>\n<p>[\/et_pb_text][et_pb_text _builder_version=&#8221;4.21.0&#8243; _module_preset=&#8221;default&#8221; text_font=&#8221;Montserrat|300|||||||&#8221; text_text_color=&#8221;#FFFFFF&#8221; header_3_font=&#8221;Montserrat||||||||&#8221; header_3_text_color=&#8221;#FFFFFF&#8221; text_orientation=&#8221;center&#8221; custom_margin=&#8221;0px||||false|false&#8221; custom_padding=&#8221;0px||||false|false&#8221; custom_padding_last_edited=&#8221;off|desktop&#8221; global_colors_info=&#8221;{}&#8221;]<\/p>\n<h3>\u00a1Un mezcal \u201ccontempor\u00e1neo\u201d que te sorprender\u00e1 desde el primer trago por su gran calidad!<\/h3>\n<p>[\/et_pb_text][et_pb_code _builder_version=&#8221;4.21.0&#8243; _module_preset=&#8221;default&#8221; global_colors_info=&#8221;{}&#8221;]<script type=\"text\/javascript\"><!-- [et_pb_line_break_holder] -->  window.addEventListener('load', function() {<!-- [et_pb_line_break_holder] -->    console.log('Window loaded');<!-- [et_pb_line_break_holder] --><!-- [et_pb_line_break_holder] -->    document.getElementById('buttonCapon').addEventListener('click', tabFunctionCapon);<!-- [et_pb_line_break_holder] -->    document.getElementById('buttonCuishe').addEventListener('click', tabFunctionCuishe);<!-- [et_pb_line_break_holder] -->  });<!-- [et_pb_line_break_holder] --><!-- [et_pb_line_break_holder] -->  function tabFunctionCapon() {<!-- [et_pb_line_break_holder] -->    console.log('Tab function Capon called');<!-- [et_pb_line_break_holder] --><!-- [et_pb_line_break_holder] -->    const divCapon = document.getElementById('divCapon');<!-- [et_pb_line_break_holder] -->    const divCuishe = document.getElementById('divCuishe');<!-- [et_pb_line_break_holder] --><!-- [et_pb_line_break_holder] -->    divCapon.style.display = 'block';<!-- [et_pb_line_break_holder] -->    divCuishe.style.display = 'none';<!-- [et_pb_line_break_holder] --><!-- [et_pb_line_break_holder] -->    console.log('divCapon=visible divCuishe=hidden');<!-- [et_pb_line_break_holder] -->  }<!-- [et_pb_line_break_holder] --><!-- [et_pb_line_break_holder] -->  function tabFunctionCuishe() {<!-- [et_pb_line_break_holder] -->    console.log('Tab function Cuishe called');<!-- [et_pb_line_break_holder] --><!-- [et_pb_line_break_holder] -->    const divCapon = document.getElementById('divCapon');<!-- [et_pb_line_break_holder] -->    const divCuishe = document.getElementById('divCuishe');<!-- [et_pb_line_break_holder] --><!-- [et_pb_line_break_holder] -->    divCapon.style.display = 'none';<!-- [et_pb_line_break_holder] -->    divCuishe.style.display = 'block';<!-- [et_pb_line_break_holder] --><!-- [et_pb_line_break_holder] -->    console.log('divCapon=hidden divCuishe=visible');<!-- [et_pb_line_break_holder] -->  }<!-- [et_pb_line_break_holder] --><\/script>[\/et_pb_code][\/et_pb_column][et_pb_column type=&#8221;1_4&#8243; _builder_version=&#8221;4.16&#8243; custom_padding=&#8221;|||&#8221; global_colors_info=&#8221;{}&#8221; custom_padding__hover=&#8221;|||&#8221;][\/et_pb_column][\/et_pb_row][\/et_pb_section]<\/p>\n","protected":false},"excerpt":{"rendered":"<p>CAP\u00d3NCUISHECategor\u00eda: Mezcal \u2013 JovenMaguey: : Espad\u00edn Cap\u00f3n (A. Angustifolia)Regi\u00f3n de Producci\u00f3n: Mixteca alta, Asunci\u00f3n Nochixtlan, Oaxaca.Altura: 2,600 metros sobre el nivel del mar Maestro Mezcalero:To\u00f1o Coronel (Maestro 5ta Generaci\u00f3n).% Alc.\u00a0Vol: 44% -Apariencia: Clara, transparente e incolora. Notas en nariz: Intensidad moderada, se presentan notas de toronja, lim\u00f3n, mandarina, granada china cerrando acompa\u00f1ados de aromas de [&hellip;]<\/p>\n","protected":false},"author":1,"featured_media":0,"parent":0,"menu_order":0,"comment_status":"closed","ping_status":"closed","template":"","meta":{"_et_pb_use_builder":"on","_et_pb_old_content":"","_et_gb_content_width":"","footnotes":""},"class_list":["post-96","page","type-page","status-publish","hentry"],"_links":{"self":[{"href":"https:\/\/mezcalguiadelalma.mx\/es\/wp-json\/wp\/v2\/pages\/96","targetHints":{"allow":["GET"]}}],"collection":[{"href":"https:\/\/mezcalguiadelalma.mx\/es\/wp-json\/wp\/v2\/pages"}],"about":[{"href":"https:\/\/mezcalguiadelalma.mx\/es\/wp-json\/wp\/v2\/types\/page"}],"author":[{"embeddable":true,"href":"https:\/\/mezcalguiadelalma.mx\/es\/wp-json\/wp\/v2\/users\/1"}],"replies":[{"embeddable":true,"href":"https:\/\/mezcalguiadelalma.mx\/es\/wp-json\/wp\/v2\/comments?post=96"}],"version-history":[{"count":49,"href":"https:\/\/mezcalguiadelalma.mx\/es\/wp-json\/wp\/v2\/pages\/96\/revisions"}],"predecessor-version":[{"id":277,"href":"https:\/\/mezcalguiadelalma.mx\/es\/wp-json\/wp\/v2\/pages\/96\/revisions\/277"}],"wp:attachment":[{"href":"https:\/\/mezcalguiadelalma.mx\/es\/wp-json\/wp\/v2\/media?parent=96"}],"curies":[{"name":"wp","href":"https:\/\/api.w.org\/{rel}","templated":true}]}}