{"id":91,"date":"2023-07-05T07:00:40","date_gmt":"2023-07-05T14:00:40","guid":{"rendered":"https:\/\/mezcalguiadelalma.devstaging.website\/?page_id=91"},"modified":"2023-07-11T10:54:15","modified_gmt":"2023-07-11T17:54:15","slug":"compromisoconlacomunidad","status":"publish","type":"page","link":"https:\/\/mezcalguiadelalma.mx\/es\/compromisoconlacomunidad\/","title":{"rendered":"COMPROMISO CON LA COMUNIDAD"},"content":{"rendered":"<p>[et_pb_section fb_built=&#8221;1&#8243; _builder_version=&#8221;4.21.0&#8243; _module_preset=&#8221;default&#8221; background_color=&#8221;#000000&#8243; custom_margin=&#8221;0px||||false|false&#8221; custom_padding=&#8221;0px||||false|false&#8221; global_colors_info=&#8221;{}&#8221;][et_pb_row column_structure=&#8221;1_4,1_2,1_4&#8243; use_custom_gutter=&#8221;on&#8221; gutter_width=&#8221;1&#8243; _builder_version=&#8221;4.21.0&#8243; _module_preset=&#8221;default&#8221; custom_margin=&#8221;0px||0px||true|false&#8221; custom_padding=&#8221;0px||0px||true|false&#8221; hover_enabled=&#8221;0&#8243; border_width_all=&#8221;2px&#8221; border_color_all=&#8221;gcid-c864ca28-8119-43e4-8302-eb13d2348bc9&#8243; global_colors_info=&#8221;{%22gcid-c864ca28-8119-43e4-8302-eb13d2348bc9%22:%91%22border_color_all%22%93}&#8221; sticky_enabled=&#8221;0&#8243;][et_pb_column type=&#8221;1_4&#8243; _builder_version=&#8221;4.21.0&#8243; _module_preset=&#8221;default&#8221; transform_translate_linked=&#8221;off&#8221; custom_padding=&#8221;40px|40px||40px|false|false&#8221; border_color_all=&#8221;RGBA(255,255,255,0)&#8221; global_colors_info=&#8221;{}&#8221;][et_pb_post_title meta=&#8221;off&#8221; featured_image=&#8221;off&#8221; _builder_version=&#8221;4.21.0&#8243; _module_preset=&#8221;default&#8221; title_font=&#8221;Oswald||||||||&#8221; title_text_align=&#8221;left&#8221; title_text_color=&#8221;gcid-c864ca28-8119-43e4-8302-eb13d2348bc9&#8243; title_font_size=&#8221;34px&#8221; title_line_height=&#8221;1.5em&#8221; custom_margin=&#8221;|0px||0px|false|true&#8221; custom_padding=&#8221;|0px||0px|false|true&#8221; border_color_all=&#8221;RGBA(255,255,255,0)&#8221; global_colors_info=&#8221;{%22gcid-c864ca28-8119-43e4-8302-eb13d2348bc9%22:%91%22title_text_color%22%93}&#8221; custom_margin__hover_enabled=&#8221;off|desktop&#8221;][\/et_pb_post_title][\/et_pb_column][et_pb_column type=&#8221;1_2&#8243; _builder_version=&#8221;4.21.0&#8243; _module_preset=&#8221;default&#8221; transform_translate_linked=&#8221;off&#8221; custom_padding=&#8221;40px|40px||40px|false|false&#8221; border_color_all=&#8221;RGBA(255,255,255,0)&#8221; border_width_left=&#8221;2px&#8221; border_color_left=&#8221;gcid-c864ca28-8119-43e4-8302-eb13d2348bc9&#8243; global_colors_info=&#8221;{%22gcid-c864ca28-8119-43e4-8302-eb13d2348bc9%22:%91%22border_color_left%22%93}&#8221;][et_pb_text _builder_version=&#8221;4.21.0&#8243; _module_preset=&#8221;default&#8221; text_font=&#8221;Montserrat|300|||||||&#8221; text_text_color=&#8221;#FFFFFF&#8221; custom_margin=&#8221;||||false|false&#8221; hover_enabled=&#8221;0&#8243; global_colors_info=&#8221;{}&#8221; sticky_enabled=&#8221;0&#8243;]<\/p>\n<div id=\"bgLayers_comp-l4051odz\" class=\"MW5IWV\" data-hook=\"bgLayers\">\n<div id=\"bgMedia_comp-l4051odz\" class=\"VgO9Yg\">\n<p>La mixteca oaxaque\u00f1a nos escogi\u00f3 para emprender este grandioso viaje y es nuestro deber compartir esta experiencia con la comunidad a la que pertenece Mezcal Gu\u00eda del Alma\u00ae.<br \/>Desde el 2022 firmamos un programa de apoyo con la Universidad Polit\u00e9cnica de Nochixtl\u00e1n ubicada en la cabecera municipal en donde esta nuestro palenque. Los alumnos realizan parte de su servicio becario con nosotros donde realizan labores de empaque, etiquetado y otras actividades administrativas. Adem\u00e1s de cumplir con sus horas de servicio, cada semestre apoyamos econ\u00f3micamente a los estudiantes con los mejores promedios brindando becas para continuar con sus estudios.<\/p>\n<p>Tambi\u00e9n apoyamos a nuestras colaboradoras mujeres, esposas de nuestros palenqueros y familiares con estudios m\u00e9dicos para la detecci\u00f3n temprana de c\u00e1ncer de mama cada mes de octubre.<\/p>\n<p>Creemos en las personas de la mixteca oaxaque\u00f1a y estamos comprometidos en brindar oportunidades para su crecimiento profesional en beneficio ellos, sus familias y de la comunidad.<\/p>\n<\/div>\n<\/div>\n<p>[\/et_pb_text][\/et_pb_column][et_pb_column type=&#8221;1_4&#8243; _builder_version=&#8221;4.21.0&#8243; _module_preset=&#8221;default&#8221; transform_translate_linked=&#8221;off&#8221; custom_padding=&#8221;40px|40px||40px|false|false&#8221; border_color_all=&#8221;RGBA(255,255,255,0)&#8221; global_colors_info=&#8221;{}&#8221;][et_pb_gallery _builder_version=&#8221;4.21.0&#8243; _module_preset=&#8221;default&#8221; gallery_ids=&#8221;160,161&#8243; show_title_and_caption=&#8221;off&#8221; show_pagination=&#8221;off&#8221; hover_enabled=&#8221;0&#8243; sticky_enabled=&#8221;0&#8243;][\/et_pb_gallery][\/et_pb_column][\/et_pb_row][\/et_pb_section]<\/p>\n","protected":false},"excerpt":{"rendered":"<p>La mixteca oaxaque\u00f1a nos escogi\u00f3 para emprender este grandioso viaje y es nuestro deber compartir esta experiencia con la comunidad a la que pertenece Mezcal Gu\u00eda del Alma\u00ae.Desde el 2022 firmamos un programa de apoyo con la Universidad Polit\u00e9cnica de Nochixtl\u00e1n ubicada en la cabecera municipal en donde esta nuestro palenque. Los alumnos realizan parte [&hellip;]<\/p>\n","protected":false},"author":1,"featured_media":0,"parent":0,"menu_order":0,"comment_status":"closed","ping_status":"closed","template":"","meta":{"_et_pb_use_builder":"on","_et_pb_old_content":"","_et_gb_content_width":"","footnotes":""},"class_list":["post-91","page","type-page","status-publish","hentry"],"_links":{"self":[{"href":"https:\/\/mezcalguiadelalma.mx\/es\/wp-json\/wp\/v2\/pages\/91","targetHints":{"allow":["GET"]}}],"collection":[{"href":"https:\/\/mezcalguiadelalma.mx\/es\/wp-json\/wp\/v2\/pages"}],"about":[{"href":"https:\/\/mezcalguiadelalma.mx\/es\/wp-json\/wp\/v2\/types\/page"}],"author":[{"embeddable":true,"href":"https:\/\/mezcalguiadelalma.mx\/es\/wp-json\/wp\/v2\/users\/1"}],"replies":[{"embeddable":true,"href":"https:\/\/mezcalguiadelalma.mx\/es\/wp-json\/wp\/v2\/comments?post=91"}],"version-history":[{"count":4,"href":"https:\/\/mezcalguiadelalma.mx\/es\/wp-json\/wp\/v2\/pages\/91\/revisions"}],"predecessor-version":[{"id":162,"href":"https:\/\/mezcalguiadelalma.mx\/es\/wp-json\/wp\/v2\/pages\/91\/revisions\/162"}],"wp:attachment":[{"href":"https:\/\/mezcalguiadelalma.mx\/es\/wp-json\/wp\/v2\/media?parent=91"}],"curies":[{"name":"wp","href":"https:\/\/api.w.org\/{rel}","templated":true}]}}