{"id":85,"date":"2023-07-05T06:54:33","date_gmt":"2023-07-05T13:54:33","guid":{"rendered":"https:\/\/mezcalguiadelalma.devstaging.website\/?page_id=85"},"modified":"2023-08-02T18:40:27","modified_gmt":"2023-08-03T01:40:27","slug":"quienes-somos","status":"publish","type":"page","link":"https:\/\/mezcalguiadelalma.mx\/es\/quienes-somos\/","title":{"rendered":"\u00bfQUI\u00c9NES SOMOS?"},"content":{"rendered":"<p>[et_pb_section fb_built=&#8221;1&#8243; _builder_version=&#8221;4.21.0&#8243; _module_preset=&#8221;default&#8221; background_color=&#8221;#000000&#8243; custom_margin=&#8221;0px||||false|false&#8221; custom_padding=&#8221;0px||||false|false&#8221; global_colors_info=&#8221;{}&#8221;][et_pb_row column_structure=&#8221;1_2,1_2&#8243; use_custom_gutter=&#8221;on&#8221; gutter_width=&#8221;1&#8243; _builder_version=&#8221;4.21.0&#8243; _module_preset=&#8221;default&#8221; custom_margin=&#8221;||||false|false&#8221; custom_padding=&#8221;||||false|false&#8221; global_colors_info=&#8221;{}&#8221;][et_pb_column type=&#8221;1_2&#8243; _builder_version=&#8221;4.21.0&#8243; _module_preset=&#8221;default&#8221; transform_scale=&#8221;95%|95%&#8221; transform_translate=&#8221;16px|0px&#8221; transform_translate_linked=&#8221;off&#8221; custom_padding=&#8221;40px|40px||40px|false|false&#8221; border_width_all=&#8221;2px&#8221; border_color_all=&#8221;gcid-c864ca28-8119-43e4-8302-eb13d2348bc9&#8243; global_colors_info=&#8221;{%22gcid-c864ca28-8119-43e4-8302-eb13d2348bc9%22:%91%22border_color_all%22%93}&#8221;][et_pb_post_title meta=&#8221;off&#8221; featured_image=&#8221;off&#8221; _builder_version=&#8221;4.21.0&#8243; _module_preset=&#8221;default&#8221; title_font=&#8221;Oswald||||||||&#8221; title_text_align=&#8221;left&#8221; title_text_color=&#8221;gcid-c864ca28-8119-43e4-8302-eb13d2348bc9&#8243; title_font_size=&#8221;40px&#8221; title_line_height=&#8221;1.5em&#8221; custom_margin=&#8221;||0px||false|false&#8221; custom_padding=&#8221;||0px||false|true&#8221; border_color_all=&#8221;RGBA(255,255,255,0)&#8221; global_colors_info=&#8221;{%22gcid-c864ca28-8119-43e4-8302-eb13d2348bc9%22:%91%22title_text_color%22%93}&#8221;][\/et_pb_post_title][et_pb_text _builder_version=&#8221;4.21.0&#8243; _module_preset=&#8221;default&#8221; text_font=&#8221;Montserrat|300|||||||&#8221; text_text_color=&#8221;#FFFFFF&#8221; custom_margin=&#8221;30px||||false|false&#8221; global_colors_info=&#8221;{}&#8221;]<\/p>\n<div id=\"bgLayers_comp-l4051odz\" class=\"MW5IWV\" data-hook=\"bgLayers\">\n<div id=\"bgMedia_comp-l4051odz\" class=\"VgO9Yg\">Mezcal Gu\u00eda del Alma\u00ae nace del deseo de llevar destilados de agave de alta gama con sabores sofisticados y \u00fanicos a todo el mundo de una regi\u00f3n poco reconocida en la producci\u00f3n de buen mezcal y, en consecuencia, ser generadores de empleos brindado trabajo y apoyos a nuestra comunidad.<\/div>\n<div class=\"VgO9Yg\">Tuvimos la fortuna de conocer a alguien que sin perder su esencia quer\u00eda hacer cosas diferentes preservando la tradici\u00f3n de sus antepasados y apoyar a su comunidad con la producci\u00f3n de este maravilloso destilado, conocimos a To\u00f1o Coronel fundador del Palenque Casa Tishisha, nuestro maestro mezcalero de quinta generaci\u00f3n.<\/div>\n<div class=\"VgO9Yg\">En un instante hicimos una gran conexi\u00f3n con \u00e9l, su visi\u00f3n, familia, valores y costumbres que, en conjunto con nuestras ideas, juntos identificamos una oportunidad de cambio que se convirti\u00f3 en la creaci\u00f3n de mezcales contempor\u00e1neos oaxaque\u00f1os de alta calidad que brindan una experiencia diferente al consumidor logrando en sus perfiles sabores \u00fanicos, complejos y expresivos que hoy sorprenden gratamente paladares en M\u00e9xico y otros pa\u00edses.<\/div>\n<\/div>\n<div class=\"\" data-mesh-id=\"comp-l4051odzinlineContent\" data-testid=\"inline-content\">\n<div data-mesh-id=\"comp-l4051odzinlineContent-gridContainer\" data-testid=\"mesh-container-content\">\n<div id=\"comp-l4051oei\" class=\"KcpHeO tz5f0K comp-l4051oei wixui-rich-text\" data-testid=\"richTextElement\"><\/div>\n<\/div>\n<\/div>\n<p>[\/et_pb_text][\/et_pb_column][et_pb_column type=&#8221;1_2&#8243; _builder_version=&#8221;4.21.0&#8243; _module_preset=&#8221;default&#8221; global_colors_info=&#8221;{}&#8221;][et_pb_image src=&#8221;https:\/\/mezcalguiadelalma.mx\/wp-content\/uploads\/2023\/08\/mezcal-guia-del-alma-quienes-somos.jpg&#8221; title_text=&#8221;mezcal-guia-del-alma-quienes-somos&#8221; _builder_version=&#8221;4.21.0&#8243; _module_preset=&#8221;default&#8221; filter_opacity=&#8221;50%&#8221; hover_enabled=&#8221;0&#8243; global_colors_info=&#8221;{}&#8221; sticky_enabled=&#8221;0&#8243; max_height=&#8221;600px&#8221;][\/et_pb_image][\/et_pb_column][\/et_pb_row][\/et_pb_section]<\/p>\n","protected":false},"excerpt":{"rendered":"<p>Mezcal Gu\u00eda del Alma\u00ae nace del deseo de llevar destilados de agave de alta gama con sabores sofisticados y \u00fanicos a todo el mundo de una regi\u00f3n poco reconocida en la producci\u00f3n de buen mezcal y, en consecuencia, ser generadores de empleos brindado trabajo y apoyos a nuestra comunidad. Tuvimos la fortuna de conocer a [&hellip;]<\/p>\n","protected":false},"author":1,"featured_media":0,"parent":0,"menu_order":0,"comment_status":"closed","ping_status":"closed","template":"","meta":{"_et_pb_use_builder":"on","_et_pb_old_content":"","_et_gb_content_width":"","footnotes":""},"class_list":["post-85","page","type-page","status-publish","hentry"],"_links":{"self":[{"href":"https:\/\/mezcalguiadelalma.mx\/es\/wp-json\/wp\/v2\/pages\/85","targetHints":{"allow":["GET"]}}],"collection":[{"href":"https:\/\/mezcalguiadelalma.mx\/es\/wp-json\/wp\/v2\/pages"}],"about":[{"href":"https:\/\/mezcalguiadelalma.mx\/es\/wp-json\/wp\/v2\/types\/page"}],"author":[{"embeddable":true,"href":"https:\/\/mezcalguiadelalma.mx\/es\/wp-json\/wp\/v2\/users\/1"}],"replies":[{"embeddable":true,"href":"https:\/\/mezcalguiadelalma.mx\/es\/wp-json\/wp\/v2\/comments?post=85"}],"version-history":[{"count":7,"href":"https:\/\/mezcalguiadelalma.mx\/es\/wp-json\/wp\/v2\/pages\/85\/revisions"}],"predecessor-version":[{"id":175,"href":"https:\/\/mezcalguiadelalma.mx\/es\/wp-json\/wp\/v2\/pages\/85\/revisions\/175"}],"wp:attachment":[{"href":"https:\/\/mezcalguiadelalma.mx\/es\/wp-json\/wp\/v2\/media?parent=85"}],"curies":[{"name":"wp","href":"https:\/\/api.w.org\/{rel}","templated":true}]}}