{"id":76,"date":"2023-07-05T06:15:27","date_gmt":"2023-07-05T13:15:27","guid":{"rendered":"https:\/\/mezcalguiadelalma.devstaging.website\/?page_id=76"},"modified":"2023-07-10T20:29:29","modified_gmt":"2023-07-11T03:29:29","slug":"que-significa-guia-del-alma","status":"publish","type":"page","link":"https:\/\/mezcalguiadelalma.mx\/es\/que-significa-guia-del-alma\/","title":{"rendered":"\u00bfQU\u00c9 SIGNIFICA GUIA DEL ALMA?"},"content":{"rendered":"<p>[et_pb_section fb_built=&#8221;1&#8243; theme_builder_area=&#8221;post_content&#8221; _builder_version=&#8221;4.21.0&#8243; _module_preset=&#8221;default&#8221; background_color=&#8221;#000000&#8243; custom_margin=&#8221;0px||||false|false&#8221; custom_padding=&#8221;0px||||false|false&#8221; hover_enabled=&#8221;0&#8243; sticky_enabled=&#8221;0&#8243;][et_pb_row _builder_version=&#8221;4.21.0&#8243; _module_preset=&#8221;default&#8221; theme_builder_area=&#8221;post_content&#8221; column_structure=&#8221;1_4,3_4&#8243; hover_enabled=&#8221;0&#8243; sticky_enabled=&#8221;0&#8243;][et_pb_column _builder_version=&#8221;4.21.0&#8243; _module_preset=&#8221;default&#8221; type=&#8221;1_4&#8243; theme_builder_area=&#8221;post_content&#8221;][et_pb_post_title _builder_version=&#8221;4.21.0&#8243; _module_preset=&#8221;default&#8221; theme_builder_area=&#8221;post_content&#8221; meta=&#8221;off&#8221; featured_image=&#8221;off&#8221; title_font=&#8221;Oswald||||||||&#8221; global_colors_info=&#8221;{%22gcid-c864ca28-8119-43e4-8302-eb13d2348bc9%22:%91%22title_text_color%22,%22border_color_all%22%93}&#8221; title_text_color=&#8221;gcid-c864ca28-8119-43e4-8302-eb13d2348bc9&#8243; title_text_align=&#8221;left&#8221; title_font_size=&#8221;40px&#8221; hover_enabled=&#8221;0&#8243; sticky_enabled=&#8221;0&#8243; title_line_height=&#8221;1.5em&#8221; border_width_all=&#8221;2px&#8221; border_color_all=&#8221;gcid-c864ca28-8119-43e4-8302-eb13d2348bc9&#8243; custom_margin=&#8221;||||false|false&#8221; custom_padding=&#8221;20px|30px|50px|30px|false|true&#8221;][\/et_pb_post_title][\/et_pb_column][et_pb_column _builder_version=&#8221;4.21.0&#8243; _module_preset=&#8221;default&#8221; type=&#8221;3_4&#8243; theme_builder_area=&#8221;post_content&#8221;][et_pb_text _builder_version=&#8221;4.21.0&#8243; _module_preset=&#8221;default&#8221; theme_builder_area=&#8221;post_content&#8221; text_font=&#8221;Montserrat|300|||||||&#8221; text_text_color=&#8221;#FFFFFF&#8221; hover_enabled=&#8221;0&#8243; sticky_enabled=&#8221;0&#8243; custom_margin=&#8221;30px||||false|false&#8221;]<\/p>\n<div id=\"bgLayers_comp-l4051odz\" data-hook=\"bgLayers\" class=\"MW5IWV\">\n<div id=\"bgMedia_comp-l4051odz\" class=\"VgO9Yg\"><\/div>\n<\/div>\n<div data-mesh-id=\"comp-l4051odzinlineContent\" data-testid=\"inline-content\" class=\"\">\n<div data-mesh-id=\"comp-l4051odzinlineContent-gridContainer\" data-testid=\"mesh-container-content\">\n<div id=\"comp-l4051oei\" class=\"KcpHeO tz5f0K comp-l4051oei wixui-rich-text\" data-testid=\"richTextElement\">\n<p class=\"font_8 wixui-rich-text__text\"><span class=\"wixui-rich-text__text\">Cuenta la leyenda azteca que el perro mexicano Xoloitzcuintle o &#8220;Xolo&#8221; como se le conoce com\u00fanmente,<span>\u00a0<\/span><\/span><strong><span class=\"wixui-rich-text__text\">guiaba a las personas<\/span><\/strong><span class=\"wixui-rich-text__text\"><span>\u00a0<\/span>en la vida y en la muerte.<\/span><\/p>\n<p class=\"font_8 wixui-rich-text__text\"><span class=\"wixui-rich-text__text\">El hombre ten\u00eda que cuidar de este canino en vida, ya que el d\u00eda en que muriera \u00e9ste se encargar\u00eda de<span>\u00a0<\/span><\/span><strong><span class=\"wixui-rich-text__text\">guiar su alma<\/span><\/strong><span class=\"wixui-rich-text__text\"><span>\u00a0<\/span>para trascender. Por esta raz\u00f3n eran sacrificados y enterrados junto a sus due\u00f1os para que los acompa\u00f1aran en su \u00faltimo viaje.<\/span><\/p>\n<p class=\"font_8 wixui-rich-text__text\"><span class=\"wixui-rich-text__text\">En nuestro nombre llevamos con orgullo una de las m\u00e1s bonitas historias de la mitolog\u00eda mexicana para que se conozca en todo el mundo.<\/span><\/p>\n<\/div>\n<\/div>\n<\/div>\n<p>[\/et_pb_text][\/et_pb_column][\/et_pb_row][\/et_pb_section]<\/p>\n","protected":false},"excerpt":{"rendered":"<p>Cuenta la leyenda azteca que el perro mexicano Xoloitzcuintle o &#8220;Xolo&#8221; como se le conoce com\u00fanmente,\u00a0guiaba a las personas\u00a0en la vida y en la muerte. El hombre ten\u00eda que cuidar de este canino en vida, ya que el d\u00eda en que muriera \u00e9ste se encargar\u00eda de\u00a0guiar su alma\u00a0para trascender. Por esta raz\u00f3n eran sacrificados y [&hellip;]<\/p>\n","protected":false},"author":1,"featured_media":0,"parent":0,"menu_order":0,"comment_status":"closed","ping_status":"closed","template":"","meta":{"_et_pb_use_builder":"on","_et_pb_old_content":"","_et_gb_content_width":"","footnotes":""},"class_list":["post-76","page","type-page","status-publish","hentry"],"_links":{"self":[{"href":"https:\/\/mezcalguiadelalma.mx\/es\/wp-json\/wp\/v2\/pages\/76","targetHints":{"allow":["GET"]}}],"collection":[{"href":"https:\/\/mezcalguiadelalma.mx\/es\/wp-json\/wp\/v2\/pages"}],"about":[{"href":"https:\/\/mezcalguiadelalma.mx\/es\/wp-json\/wp\/v2\/types\/page"}],"author":[{"embeddable":true,"href":"https:\/\/mezcalguiadelalma.mx\/es\/wp-json\/wp\/v2\/users\/1"}],"replies":[{"embeddable":true,"href":"https:\/\/mezcalguiadelalma.mx\/es\/wp-json\/wp\/v2\/comments?post=76"}],"version-history":[{"count":4,"href":"https:\/\/mezcalguiadelalma.mx\/es\/wp-json\/wp\/v2\/pages\/76\/revisions"}],"predecessor-version":[{"id":137,"href":"https:\/\/mezcalguiadelalma.mx\/es\/wp-json\/wp\/v2\/pages\/76\/revisions\/137"}],"wp:attachment":[{"href":"https:\/\/mezcalguiadelalma.mx\/es\/wp-json\/wp\/v2\/media?parent=76"}],"curies":[{"name":"wp","href":"https:\/\/api.w.org\/{rel}","templated":true}]}}