{"id":146,"date":"2023-07-10T20:43:25","date_gmt":"2023-07-11T03:43:25","guid":{"rendered":"https:\/\/mezcalguiadelalma.devstaging.website\/?page_id=146"},"modified":"2023-08-02T18:55:15","modified_gmt":"2023-08-03T01:55:15","slug":"sustentabilidad","status":"publish","type":"page","link":"https:\/\/mezcalguiadelalma.mx\/es\/sustentabilidad\/","title":{"rendered":"SUSTENTABILIDAD"},"content":{"rendered":"<p>[et_pb_section fb_built=&#8221;1&#8243; admin_label=&#8221;section&#8221; _builder_version=&#8221;4.21.0&#8243; background_color=&#8221;#000000&#8243; custom_margin=&#8221;0px||||false|false&#8221; custom_padding=&#8221;0px||||false|false&#8221; global_colors_info=&#8221;{}&#8221;][et_pb_row admin_label=&#8221;row&#8221; _builder_version=&#8221;4.16&#8243; background_size=&#8221;initial&#8221; background_position=&#8221;top_left&#8221; background_repeat=&#8221;repeat&#8221; global_colors_info=&#8221;{}&#8221;][et_pb_column type=&#8221;4_4&#8243; _builder_version=&#8221;4.16&#8243; custom_padding=&#8221;|||&#8221; global_colors_info=&#8221;{}&#8221; custom_padding__hover=&#8221;|||&#8221;][et_pb_post_title meta=&#8221;off&#8221; featured_image=&#8221;off&#8221; _builder_version=&#8221;4.21.0&#8243; _module_preset=&#8221;default&#8221; title_font=&#8221;Oswald|||on|||||&#8221; title_text_color=&#8221;gcid-c864ca28-8119-43e4-8302-eb13d2348bc9&#8243; title_font_size=&#8221;40px&#8221; text_orientation=&#8221;center&#8221; global_colors_info=&#8221;{%22gcid-c864ca28-8119-43e4-8302-eb13d2348bc9%22:%91%22title_text_color%22%93}&#8221;][\/et_pb_post_title][\/et_pb_column][\/et_pb_row][et_pb_row column_structure=&#8221;2_5,3_5&#8243; admin_label=&#8221;row&#8221; _builder_version=&#8221;4.16&#8243; background_size=&#8221;initial&#8221; background_position=&#8221;top_left&#8221; background_repeat=&#8221;repeat&#8221; global_colors_info=&#8221;{}&#8221;][et_pb_column type=&#8221;2_5&#8243; _builder_version=&#8221;4.16&#8243; custom_padding=&#8221;|||&#8221; global_colors_info=&#8221;{}&#8221; custom_padding__hover=&#8221;|||&#8221;][et_pb_text _builder_version=&#8221;4.21.0&#8243; _module_preset=&#8221;default&#8221; text_font=&#8221;Montserrat|300|||||||&#8221; text_text_color=&#8221;#FFFFFF&#8221; global_colors_info=&#8221;{}&#8221;]<\/p>\n<p>La sustentabilidad es un aspecto crucial en la industria del mezcal, en Mezcal Gu\u00cda del Alma\u00ae\ufe0f sabemos la importancia de tomar medidas para garantizar que nuestros procesos sean ambientalmente responsables y sostenibles.<\/p>\n<p>\u2981 Captaci\u00f3n de aguas pluviales para riego.<\/p>\n<p>\u2981 Implementaci\u00f3n de escurrimientos artificiales de agua con la construcci\u00f3n de zanjas en el subsuelo.<\/p>\n<p>\u2981 Reciclado de vinazas con doble destilaci\u00f3n para la evaporaci\u00f3n de los alcoholes que se mezclan con abonos de ganado, bagazos de maguey y granos de ma\u00edz que dan como resultado una mezcla que funciona de abono especial para nutrir los campos de maguey.<\/p>\n<p>\u2981 Por cada planta que se extrae del campo para producci\u00f3n de mezcal, tenemos el compromiso de regresar tres para siembra, en nuestros campos tenemos espacios asignados para \u201cpl\u00e1ntulas\u201d (plantas peque\u00f1as) que se regresan al campo a partir del a\u00f1o de vida.<\/p>\n<p>\u2981 Cada a\u00f1o sembramos \u00e1rboles de encino end\u00e9micos de la regi\u00f3n que se usan como le\u00f1a, esto para asegurar que las futuras generaciones tengan los insumos suficientes adem\u00e1s de contribuir con la reforestaci\u00f3n en nuestra regi\u00f3n.<\/p>\n<p>\u2981 Las botellas que usamos est\u00e1n hechas de vidrio 100% reciclado y pueden ser reutilizables para agua, jugo, entre otros l\u00edquidos.<\/p>\n<p>[\/et_pb_text][\/et_pb_column][et_pb_column type=&#8221;3_5&#8243; _builder_version=&#8221;4.16&#8243; custom_padding=&#8221;|||&#8221; global_colors_info=&#8221;{}&#8221; custom_padding__hover=&#8221;|||&#8221;][et_pb_gallery gallery_ids=&#8221;154,184,152,151&#8243; orientation=&#8221;portrait&#8221; show_title_and_caption=&#8221;off&#8221; show_pagination=&#8221;off&#8221; _builder_version=&#8221;4.21.0&#8243; _module_preset=&#8221;default&#8221; custom_margin=&#8221;|0px||0px|true|true&#8221; custom_padding=&#8221;||||true|true&#8221; hover_enabled=&#8221;0&#8243; border_width_all=&#8221;1px&#8221; border_color_all=&#8221;#FFFFFF&#8221; border_color_all_image=&#8221;RGBA(255,255,255,0)&#8221; global_colors_info=&#8221;{}&#8221; sticky_enabled=&#8221;0&#8243;][\/et_pb_gallery][\/et_pb_column][\/et_pb_row][\/et_pb_section]<\/p>\n","protected":false},"excerpt":{"rendered":"<p>La sustentabilidad es un aspecto crucial en la industria del mezcal, en Mezcal Gu\u00cda del Alma\u00ae\ufe0f sabemos la importancia de tomar medidas para garantizar que nuestros procesos sean ambientalmente responsables y sostenibles. \u2981 Captaci\u00f3n de aguas pluviales para riego. \u2981 Implementaci\u00f3n de escurrimientos artificiales de agua con la construcci\u00f3n de zanjas en el subsuelo. \u2981 [&hellip;]<\/p>\n","protected":false},"author":1,"featured_media":0,"parent":0,"menu_order":0,"comment_status":"closed","ping_status":"closed","template":"","meta":{"_et_pb_use_builder":"on","_et_pb_old_content":"","_et_gb_content_width":"","footnotes":""},"class_list":["post-146","page","type-page","status-publish","hentry"],"_links":{"self":[{"href":"https:\/\/mezcalguiadelalma.mx\/es\/wp-json\/wp\/v2\/pages\/146","targetHints":{"allow":["GET"]}}],"collection":[{"href":"https:\/\/mezcalguiadelalma.mx\/es\/wp-json\/wp\/v2\/pages"}],"about":[{"href":"https:\/\/mezcalguiadelalma.mx\/es\/wp-json\/wp\/v2\/types\/page"}],"author":[{"embeddable":true,"href":"https:\/\/mezcalguiadelalma.mx\/es\/wp-json\/wp\/v2\/users\/1"}],"replies":[{"embeddable":true,"href":"https:\/\/mezcalguiadelalma.mx\/es\/wp-json\/wp\/v2\/comments?post=146"}],"version-history":[{"count":10,"href":"https:\/\/mezcalguiadelalma.mx\/es\/wp-json\/wp\/v2\/pages\/146\/revisions"}],"predecessor-version":[{"id":186,"href":"https:\/\/mezcalguiadelalma.mx\/es\/wp-json\/wp\/v2\/pages\/146\/revisions\/186"}],"wp:attachment":[{"href":"https:\/\/mezcalguiadelalma.mx\/es\/wp-json\/wp\/v2\/media?parent=146"}],"curies":[{"name":"wp","href":"https:\/\/api.w.org\/{rel}","templated":true}]}}