{"id":125,"date":"2023-07-05T07:46:41","date_gmt":"2023-07-05T14:46:41","guid":{"rendered":"https:\/\/mezcalguiadelalma.devstaging.website\/?page_id=125"},"modified":"2023-07-05T08:10:52","modified_gmt":"2023-07-05T15:10:52","slug":"contacto","status":"publish","type":"page","link":"https:\/\/mezcalguiadelalma.mx\/en\/contacto\/","title":{"rendered":"CONT\u00c1CTANOS"},"content":{"rendered":"<p>[et_pb_section fb_built=&#8221;1&#8243; _builder_version=&#8221;4.21.0&#8243; _module_preset=&#8221;default&#8221; background_color=&#8221;#000000&#8243; custom_margin=&#8221;0px||||false|false&#8221; custom_padding=&#8221;0px||||false|false&#8221; global_colors_info=&#8221;{}&#8221;][et_pb_row column_structure=&#8221;1_4,3_4&#8243; _builder_version=&#8221;4.21.0&#8243; _module_preset=&#8221;default&#8221; global_colors_info=&#8221;{}&#8221;][et_pb_column type=&#8221;1_4&#8243; _builder_version=&#8221;4.21.0&#8243; _module_preset=&#8221;default&#8221; global_colors_info=&#8221;{}&#8221;][et_pb_post_title meta=&#8221;off&#8221; featured_image=&#8221;off&#8221; _builder_version=&#8221;4.21.0&#8243; _module_preset=&#8221;default&#8221; title_font=&#8221;Oswald||||||||&#8221; title_text_align=&#8221;left&#8221; title_text_color=&#8221;gcid-c864ca28-8119-43e4-8302-eb13d2348bc9&#8243; title_font_size=&#8221;50px&#8221; title_line_height=&#8221;1.5em&#8221; custom_margin=&#8221;||||false|false&#8221; custom_padding=&#8221;20px|30px|50px|30px|false|true&#8221; hover_enabled=&#8221;0&#8243; border_width_all=&#8221;2px&#8221; border_color_all=&#8221;gcid-c864ca28-8119-43e4-8302-eb13d2348bc9&#8243; global_colors_info=&#8221;{%22gcid-c864ca28-8119-43e4-8302-eb13d2348bc9%22:%91%22title_text_color%22,%22border_color_all%22%93}&#8221; sticky_enabled=&#8221;0&#8243;][\/et_pb_post_title][\/et_pb_column][et_pb_column type=&#8221;3_4&#8243; _builder_version=&#8221;4.21.0&#8243; _module_preset=&#8221;default&#8221; global_colors_info=&#8221;{}&#8221;][et_pb_text _builder_version=&#8221;4.21.0&#8243; _module_preset=&#8221;default&#8221; text_font=&#8221;Montserrat|300|||||||&#8221; text_text_color=&#8221;#FFFFFF&#8221; custom_margin=&#8221;30px||||false|false&#8221; hover_enabled=&#8221;0&#8243; global_colors_info=&#8221;{}&#8221; custom_css_main_element=&#8221;width: 50%&#8221; sticky_enabled=&#8221;0&#8243;]<\/p>\n<div id=\"bgLayers_comp-l4051odz\" data-hook=\"bgLayers\" class=\"MW5IWV\">\n<div id=\"bgMedia_comp-l4051odz\" class=\"VgO9Yg\">Utilice el siguiente formulario para ponerse en contacto con nosotros para cualquier solicitud especial, consulta, pregunta o inquietud.<\/div>\n<\/div>\n<p>[\/et_pb_text][et_pb_contact_form _builder_version=&#8221;4.21.0&#8243; _module_preset=&#8221;default&#8221; _unique_id=&#8221;771f13e0-917e-4ab1-8956-4c62101898e3&#8243; submit_button_text=&#8221;ENVIAR&#8221; captcha=&#8221;off&#8221; form_field_background_color=&#8221;RGBA(255,255,255,0)&#8221; global_colors_info=&#8221;{%22gcid-c864ca28-8119-43e4-8302-eb13d2348bc9%22:%91%22form_field_text_color%22,%22border_color_bottom%22,%22button_text_color%22%93}&#8221; form_field_text_color=&#8221;gcid-c864ca28-8119-43e4-8302-eb13d2348bc9&#8243; form_field_font=&#8221;Montserrat||||||||&#8221; border_width_bottom=&#8221;1px&#8221; border_color_bottom=&#8221;gcid-c864ca28-8119-43e4-8302-eb13d2348bc9&#8243; custom_padding=&#8221;||||false|false&#8221; custom_margin=&#8221;||||false|false&#8221; custom_button=&#8221;on&#8221; button_text_color=&#8221;gcid-c864ca28-8119-43e4-8302-eb13d2348bc9&#8243; button_use_icon=&#8221;off&#8221; button_custom_padding=&#8221;|60px||60px|false|true&#8221; button_font=&#8221;Montserrat|300|||||||&#8221; button_border_radius=&#8221;50px&#8221; form_field_text_align=&#8221;left&#8221; module_alignment=&#8221;left&#8221; hover_enabled=&#8221;0&#8243; sticky_enabled=&#8221;0&#8243;][et_pb_contact_field field_id=&#8221;Nombre&#8221; field_title=&#8221;Nombre&#8221; _builder_version=&#8221;4.21.0&#8243; hover_enabled=&#8221;0&#8243; global_colors_info=&#8221;{}&#8221; button_text_size__hover_enabled=&#8221;off&#8221; button_one_text_size__hover_enabled=&#8221;off&#8221; button_two_text_size__hover_enabled=&#8221;off&#8221; button_text_color__hover_enabled=&#8221;off&#8221; button_one_text_color__hover_enabled=&#8221;off&#8221; button_two_text_color__hover_enabled=&#8221;off&#8221; button_border_width__hover_enabled=&#8221;off&#8221; button_one_border_width__hover_enabled=&#8221;off&#8221; button_two_border_width__hover_enabled=&#8221;off&#8221; button_border_color__hover_enabled=&#8221;off&#8221; button_one_border_color__hover_enabled=&#8221;off&#8221; button_two_border_color__hover_enabled=&#8221;off&#8221; button_border_radius__hover_enabled=&#8221;off&#8221; button_one_border_radius__hover_enabled=&#8221;off&#8221; button_two_border_radius__hover_enabled=&#8221;off&#8221; button_letter_spacing__hover_enabled=&#8221;off&#8221; button_one_letter_spacing__hover_enabled=&#8221;off&#8221; button_two_letter_spacing__hover_enabled=&#8221;off&#8221; button_bg_color__hover_enabled=&#8221;off&#8221; button_one_bg_color__hover_enabled=&#8221;off&#8221; button_two_bg_color__hover_enabled=&#8221;off&#8221; sticky_enabled=&#8221;0&#8243;][\/et_pb_contact_field][et_pb_contact_field field_id=&#8221;Apellido&#8221; field_title=&#8221;Apellido&#8221; _builder_version=&#8221;4.21.0&#8243; hover_enabled=&#8221;0&#8243; global_colors_info=&#8221;{}&#8221; button_text_size__hover_enabled=&#8221;off&#8221; button_one_text_size__hover_enabled=&#8221;off&#8221; button_two_text_size__hover_enabled=&#8221;off&#8221; button_text_color__hover_enabled=&#8221;off&#8221; button_one_text_color__hover_enabled=&#8221;off&#8221; button_two_text_color__hover_enabled=&#8221;off&#8221; button_border_width__hover_enabled=&#8221;off&#8221; button_one_border_width__hover_enabled=&#8221;off&#8221; button_two_border_width__hover_enabled=&#8221;off&#8221; button_border_color__hover_enabled=&#8221;off&#8221; button_one_border_color__hover_enabled=&#8221;off&#8221; button_two_border_color__hover_enabled=&#8221;off&#8221; button_border_radius__hover_enabled=&#8221;off&#8221; button_one_border_radius__hover_enabled=&#8221;off&#8221; button_two_border_radius__hover_enabled=&#8221;off&#8221; button_letter_spacing__hover_enabled=&#8221;off&#8221; button_one_letter_spacing__hover_enabled=&#8221;off&#8221; button_two_letter_spacing__hover_enabled=&#8221;off&#8221; button_bg_color__hover_enabled=&#8221;off&#8221; button_one_bg_color__hover_enabled=&#8221;off&#8221; button_two_bg_color__hover_enabled=&#8221;off&#8221; sticky_enabled=&#8221;0&#8243;][\/et_pb_contact_field][et_pb_contact_field field_id=&#8221;Email&#8221; field_title=&#8221;Email&#8221; field_type=&#8221;email&#8221; _builder_version=&#8221;4.21.0&#8243; hover_enabled=&#8221;0&#8243; global_colors_info=&#8221;{}&#8221; button_text_size__hover_enabled=&#8221;off&#8221; button_one_text_size__hover_enabled=&#8221;off&#8221; button_two_text_size__hover_enabled=&#8221;off&#8221; button_text_color__hover_enabled=&#8221;off&#8221; button_one_text_color__hover_enabled=&#8221;off&#8221; button_two_text_color__hover_enabled=&#8221;off&#8221; button_border_width__hover_enabled=&#8221;off&#8221; button_one_border_width__hover_enabled=&#8221;off&#8221; button_two_border_width__hover_enabled=&#8221;off&#8221; button_border_color__hover_enabled=&#8221;off&#8221; button_one_border_color__hover_enabled=&#8221;off&#8221; button_two_border_color__hover_enabled=&#8221;off&#8221; button_border_radius__hover_enabled=&#8221;off&#8221; button_one_border_radius__hover_enabled=&#8221;off&#8221; button_two_border_radius__hover_enabled=&#8221;off&#8221; button_letter_spacing__hover_enabled=&#8221;off&#8221; button_one_letter_spacing__hover_enabled=&#8221;off&#8221; button_two_letter_spacing__hover_enabled=&#8221;off&#8221; button_bg_color__hover_enabled=&#8221;off&#8221; button_one_bg_color__hover_enabled=&#8221;off&#8221; button_two_bg_color__hover_enabled=&#8221;off&#8221; sticky_enabled=&#8221;0&#8243;][\/et_pb_contact_field][et_pb_contact_field field_id=&#8221;Celular&#8221; field_title=&#8221;Celular&#8221; field_type=&#8221;email&#8221; _builder_version=&#8221;4.21.0&#8243; hover_enabled=&#8221;0&#8243; global_colors_info=&#8221;{}&#8221; button_text_size__hover_enabled=&#8221;off&#8221; button_one_text_size__hover_enabled=&#8221;off&#8221; button_two_text_size__hover_enabled=&#8221;off&#8221; button_text_color__hover_enabled=&#8221;off&#8221; button_one_text_color__hover_enabled=&#8221;off&#8221; button_two_text_color__hover_enabled=&#8221;off&#8221; button_border_width__hover_enabled=&#8221;off&#8221; button_one_border_width__hover_enabled=&#8221;off&#8221; button_two_border_width__hover_enabled=&#8221;off&#8221; button_border_color__hover_enabled=&#8221;off&#8221; button_one_border_color__hover_enabled=&#8221;off&#8221; button_two_border_color__hover_enabled=&#8221;off&#8221; button_border_radius__hover_enabled=&#8221;off&#8221; button_one_border_radius__hover_enabled=&#8221;off&#8221; button_two_border_radius__hover_enabled=&#8221;off&#8221; button_letter_spacing__hover_enabled=&#8221;off&#8221; button_one_letter_spacing__hover_enabled=&#8221;off&#8221; button_two_letter_spacing__hover_enabled=&#8221;off&#8221; button_bg_color__hover_enabled=&#8221;off&#8221; button_one_bg_color__hover_enabled=&#8221;off&#8221; button_two_bg_color__hover_enabled=&#8221;off&#8221; sticky_enabled=&#8221;0&#8243;][\/et_pb_contact_field][et_pb_contact_field field_id=&#8221;Mensaje&#8221; field_title=&#8221;Escribe tu mensaje aqu\u00ed&#8230;&#8221; field_type=&#8221;text&#8221; fullwidth_field=&#8221;on&#8221; _builder_version=&#8221;4.21.0&#8243; hover_enabled=&#8221;0&#8243; global_colors_info=&#8221;{}&#8221; button_text_size__hover_enabled=&#8221;off&#8221; button_one_text_size__hover_enabled=&#8221;off&#8221; button_two_text_size__hover_enabled=&#8221;off&#8221; button_text_color__hover_enabled=&#8221;off&#8221; button_one_text_color__hover_enabled=&#8221;off&#8221; button_two_text_color__hover_enabled=&#8221;off&#8221; button_border_width__hover_enabled=&#8221;off&#8221; button_one_border_width__hover_enabled=&#8221;off&#8221; button_two_border_width__hover_enabled=&#8221;off&#8221; button_border_color__hover_enabled=&#8221;off&#8221; button_one_border_color__hover_enabled=&#8221;off&#8221; button_two_border_color__hover_enabled=&#8221;off&#8221; button_border_radius__hover_enabled=&#8221;off&#8221; button_one_border_radius__hover_enabled=&#8221;off&#8221; button_two_border_radius__hover_enabled=&#8221;off&#8221; button_letter_spacing__hover_enabled=&#8221;off&#8221; button_one_letter_spacing__hover_enabled=&#8221;off&#8221; button_two_letter_spacing__hover_enabled=&#8221;off&#8221; button_bg_color__hover_enabled=&#8221;off&#8221; button_one_bg_color__hover_enabled=&#8221;off&#8221; button_two_bg_color__hover_enabled=&#8221;off&#8221; sticky_enabled=&#8221;0&#8243;][\/et_pb_contact_field][\/et_pb_contact_form][et_pb_text _builder_version=&#8221;4.21.0&#8243; _module_preset=&#8221;default&#8221; text_font=&#8221;Montserrat|300|||||||&#8221; text_text_color=&#8221;#FFFFFF&#8221; custom_margin=&#8221;30px||||false|false&#8221; hover_enabled=&#8221;0&#8243; global_colors_info=&#8221;{%22gcid-c864ca28-8119-43e4-8302-eb13d2348bc9%22:%91%22header_3_text_color%22%93}&#8221; custom_css_main_element=&#8221;width: 50%&#8221; sticky_enabled=&#8221;0&#8243; header_3_font=&#8221;Oswald||||||||&#8221; header_3_text_color=&#8221;gcid-c864ca28-8119-43e4-8302-eb13d2348bc9&#8243; header_3_font_size=&#8221;30px&#8221;]<\/p>\n<div id=\"bgLayers_comp-l4051odz\" data-hook=\"bgLayers\" class=\"MW5IWV\">\n<div class=\"VgO9Yg\">\n<h3 class=\"font_3 wixui-rich-text__text\"><span class=\"wixui-rich-text__text\">DISTRIBUCI\u00d3N<\/span><\/h3>\n<\/div>\n<div class=\"VgO9Yg\"><\/div>\n<div id=\"bgMedia_comp-l4051odz\" class=\"VgO9Yg\">\u00bfEst\u00e1s interesado(a) en vender, comprar o distribuir Gu\u00eda del Alma? Env\u00edanos un correo electr\u00f3nico a: info@mezcalguiadelalma.com<\/div>\n<\/div>\n<p>[\/et_pb_text][\/et_pb_column][\/et_pb_row][\/et_pb_section]<\/p>","protected":false},"excerpt":{"rendered":"<p>Utilice el siguiente formulario para ponerse en contacto con nosotros para cualquier solicitud especial, consulta, pregunta o inquietud. DISTRIBUCI\u00d3N \u00bfEst\u00e1s interesado(a) en vender, comprar o distribuir Gu\u00eda del Alma? Env\u00edanos un correo electr\u00f3nico a: info@mezcalguiadelalma.com<\/p>","protected":false},"author":1,"featured_media":0,"parent":0,"menu_order":0,"comment_status":"closed","ping_status":"closed","template":"","meta":{"_et_pb_use_builder":"on","_et_pb_old_content":"","_et_gb_content_width":"","footnotes":""},"class_list":["post-125","page","type-page","status-publish","hentry"],"_links":{"self":[{"href":"https:\/\/mezcalguiadelalma.mx\/en\/wp-json\/wp\/v2\/pages\/125","targetHints":{"allow":["GET"]}}],"collection":[{"href":"https:\/\/mezcalguiadelalma.mx\/en\/wp-json\/wp\/v2\/pages"}],"about":[{"href":"https:\/\/mezcalguiadelalma.mx\/en\/wp-json\/wp\/v2\/types\/page"}],"author":[{"embeddable":true,"href":"https:\/\/mezcalguiadelalma.mx\/en\/wp-json\/wp\/v2\/users\/1"}],"replies":[{"embeddable":true,"href":"https:\/\/mezcalguiadelalma.mx\/en\/wp-json\/wp\/v2\/comments?post=125"}],"version-history":[{"count":4,"href":"https:\/\/mezcalguiadelalma.mx\/en\/wp-json\/wp\/v2\/pages\/125\/revisions"}],"predecessor-version":[{"id":129,"href":"https:\/\/mezcalguiadelalma.mx\/en\/wp-json\/wp\/v2\/pages\/125\/revisions\/129"}],"wp:attachment":[{"href":"https:\/\/mezcalguiadelalma.mx\/en\/wp-json\/wp\/v2\/media?parent=125"}],"curies":[{"name":"wp","href":"https:\/\/api.w.org\/{rel}","templated":true}]}}